{"id":129,"date":"2024-11-22T08:50:34","date_gmt":"2024-11-22T07:50:34","guid":{"rendered":"https:\/\/www.blog.lapucealoreille24.fr\/?page_id=129"},"modified":"2026-03-16T15:12:16","modified_gmt":"2026-03-16T14:12:16","slug":"lassociation","status":"publish","type":"page","link":"https:\/\/lapucealoreille24.fr\/index.php\/lassociation\/","title":{"rendered":"L&rsquo;association"},"content":{"rendered":"\n<div class=\"wp-block-group alignfull has-base-background-color has-background has-global-padding is-layout-constrained wp-block-group-is-layout-constrained\">\n<div class=\"wp-block-columns alignwide tw-cols-stack-md is-layout-flex wp-container-core-columns-is-layout-041737d3 wp-block-columns-is-layout-flex tw-large-gap\">\n<div class=\"wp-block-column is-vertically-aligned-center has-global-padding is-content-justification-left is-layout-constrained wp-container-core-column-is-layout-12dd3699 wp-block-column-is-layout-constrained\">\n<h1 class=\"wp-block-heading\">L&rsquo;histoire de la puce<\/h1>\n\n\n\n<p style=\"font-size:clamp(1.125em, 1.125rem + ((1vw - 0.2em) * 0.208), 1.25em);line-height:1.35\">Fond\u00e9e en 2012, l\u2019association permet \u00e0 de plus en plus d\u2019\u00e9l\u00e8ves de pratiquer un instrument<\/p>\n\n\n\n<div class=\"wp-block-buttons is-layout-flex wp-block-buttons-is-layout-flex\" style=\"margin-top:32px\">\n<div class=\"wp-block-button\"><a class=\"wp-block-button__link wp-element-button\" href=\"https:\/\/lapucealoreille24.fr\/index.php\/lhistoire-de-la-puce\/\">En savoir plus<\/a><\/div>\n<\/div>\n<\/div>\n\n\n\n<div class=\"wp-block-column is-layout-flow wp-block-column-is-layout-flow\">\n<figure class=\"wp-block-image size-large\"><img loading=\"lazy\" decoding=\"async\" width=\"1024\" height=\"160\" src=\"https:\/\/25652nbuvou.preview.infomaniak.website\/wp-content\/uploads\/2024\/11\/IA-histoire-1024x160.jpg\" alt=\"\" class=\"wp-image-131\" srcset=\"https:\/\/lapucealoreille24.fr\/wp-content\/uploads\/2024\/11\/IA-histoire-1024x160.jpg 1024w, https:\/\/lapucealoreille24.fr\/wp-content\/uploads\/2024\/11\/IA-histoire-300x47.jpg 300w, https:\/\/lapucealoreille24.fr\/wp-content\/uploads\/2024\/11\/IA-histoire-768x120.jpg 768w, https:\/\/lapucealoreille24.fr\/wp-content\/uploads\/2024\/11\/IA-histoire-1536x240.jpg 1536w, https:\/\/lapucealoreille24.fr\/wp-content\/uploads\/2024\/11\/IA-histoire.jpg 1920w\" sizes=\"auto, (max-width: 1024px) 100vw, 1024px\" \/><\/figure>\n<\/div>\n<\/div>\n<\/div>\n\n\n\n<div class=\"wp-block-group alignfull has-base-2-background-color has-background has-global-padding is-layout-constrained wp-block-group-is-layout-constrained\">\n<h2 class=\"wp-block-heading has-text-align-center\">Nous conna\u00eetre<\/h2>\n\n\n\n<div class=\"wp-block-columns alignwide tw-cols-stack-md-2 is-layout-flex wp-container-core-columns-is-layout-fa6b1ff9 wp-block-columns-is-layout-flex\">\n<div class=\"wp-block-column has-base-background-color has-background is-layout-flow wp-block-column-is-layout-flow\">\n<figure class=\"wp-block-image size-large\"><img loading=\"lazy\" decoding=\"async\" width=\"1024\" height=\"160\" src=\"https:\/\/25652nbuvou.preview.infomaniak.website\/wp-content\/uploads\/2024\/11\/IA-statuts-1024x160.jpg\" alt=\"\" class=\"wp-image-132\" srcset=\"https:\/\/lapucealoreille24.fr\/wp-content\/uploads\/2024\/11\/IA-statuts-1024x160.jpg 1024w, https:\/\/lapucealoreille24.fr\/wp-content\/uploads\/2024\/11\/IA-statuts-300x47.jpg 300w, https:\/\/lapucealoreille24.fr\/wp-content\/uploads\/2024\/11\/IA-statuts-768x120.jpg 768w, https:\/\/lapucealoreille24.fr\/wp-content\/uploads\/2024\/11\/IA-statuts-1536x240.jpg 1536w, https:\/\/lapucealoreille24.fr\/wp-content\/uploads\/2024\/11\/IA-statuts.jpg 1920w\" sizes=\"auto, (max-width: 1024px) 100vw, 1024px\" \/><\/figure>\n\n\n\n<div class=\"wp-block-group is-layout-flow wp-block-group-is-layout-flow\" style=\"margin-top:0px;padding-top:32px;padding-right:32px;padding-bottom:32px;padding-left:32px\">\n<h3 class=\"wp-block-heading\">Les statuts<\/h3>\n\n\n\n<p>Vous pouvez t\u00e9l\u00e9charger les statuts de l\u2019association&nbsp;:<\/p>\n<\/div>\n\n\n\n<div class=\"wp-block-buttons is-content-justification-center is-layout-flex wp-container-core-buttons-is-layout-a89b3969 wp-block-buttons-is-layout-flex\">\n<div class=\"wp-block-button\"><a class=\"wp-block-button__link wp-element-button\" href=\"https:\/\/lapucealoreille24.fr\/wp-content\/uploads\/2025\/02\/STATUTS-ASSOCIATIFS-VOTE-EN-AG-2024-02-13.pdf\">Statuts<\/a><\/div>\n<\/div>\n<\/div>\n\n\n\n<div class=\"wp-block-column has-base-background-color has-background is-layout-flow wp-block-column-is-layout-flow\">\n<figure class=\"wp-block-image size-large\"><img loading=\"lazy\" decoding=\"async\" width=\"1024\" height=\"160\" src=\"https:\/\/25652nbuvou.preview.infomaniak.website\/wp-content\/uploads\/2024\/11\/ia-projet-1024x160.png\" alt=\"\" class=\"wp-image-133\" srcset=\"https:\/\/lapucealoreille24.fr\/wp-content\/uploads\/2024\/11\/ia-projet-1024x160.png 1024w, https:\/\/lapucealoreille24.fr\/wp-content\/uploads\/2024\/11\/ia-projet-300x47.png 300w, https:\/\/lapucealoreille24.fr\/wp-content\/uploads\/2024\/11\/ia-projet-768x120.png 768w, https:\/\/lapucealoreille24.fr\/wp-content\/uploads\/2024\/11\/ia-projet-1536x240.png 1536w, https:\/\/lapucealoreille24.fr\/wp-content\/uploads\/2024\/11\/ia-projet.png 1920w\" sizes=\"auto, (max-width: 1024px) 100vw, 1024px\" \/><\/figure>\n\n\n\n<div class=\"wp-block-group is-layout-flow wp-block-group-is-layout-flow\" style=\"margin-top:0px;padding-top:32px;padding-right:32px;padding-bottom:32px;padding-left:32px\">\n<h3 class=\"wp-block-heading\">Le projet<\/h3>\n\n\n\n<p><strong>D\u00e9couvrez l\u2019\u00e9cole par&nbsp;:<\/strong><\/p>\n\n\n\n<ul class=\"wp-block-list\">\n<li>Sa vision<\/li>\n\n\n\n<li>Sa mission<\/li>\n\n\n\n<li>Ses valeurs<\/li>\n\n\n\n<li>Ses principes d\u2019action<\/li>\n\n\n\n<li>Ses ambitions<\/li>\n\n\n\n<li>Ses sp\u00e9cificit\u00e9s<\/li>\n<\/ul>\n\n\n\n<div class=\"wp-block-buttons is-content-justification-center is-layout-flex wp-container-core-buttons-is-layout-a89b3969 wp-block-buttons-is-layout-flex\">\n<div class=\"wp-block-button\"><a class=\"wp-block-button__link wp-element-button\" href=\"https:\/\/lapucealoreille24.fr\/wp-content\/uploads\/uploads\/2024\/11\/projet_associatif_-_version_2021_.pdf\">Projet<\/a><\/div>\n<\/div>\n<\/div>\n<\/div>\n\n\n\n<div class=\"wp-block-column has-base-background-color has-background is-layout-flow wp-block-column-is-layout-flow\">\n<figure class=\"wp-block-image size-full\"><img loading=\"lazy\" decoding=\"async\" width=\"190\" height=\"190\" src=\"https:\/\/25652nbuvou.preview.infomaniak.website\/wp-content\/uploads\/2024\/09\/flyer_rond_recto_verso_lpao_2022-1c8de.png\" alt=\"\" class=\"wp-image-21\" srcset=\"https:\/\/lapucealoreille24.fr\/wp-content\/uploads\/2024\/09\/flyer_rond_recto_verso_lpao_2022-1c8de.png 190w, https:\/\/lapucealoreille24.fr\/wp-content\/uploads\/2024\/09\/flyer_rond_recto_verso_lpao_2022-1c8de-150x150.png 150w\" sizes=\"auto, (max-width: 190px) 100vw, 190px\" \/><\/figure>\n\n\n\n<div class=\"wp-block-group is-layout-flow wp-block-group-is-layout-flow\" style=\"margin-top:0px;padding-top:32px;padding-right:32px;padding-bottom:32px;padding-left:32px\">\n<h3 class=\"wp-block-heading\">Contactez-nous<\/h3>\n\n\n\n<p>N\u2019h\u00e9sitez pas \u00e0 nous contacter si vous avez envie d\u2019apprendre \u00e0 jouer d\u2019un instrument ou \u00e0 chanter&nbsp;!<\/p>\n<\/div>\n\n\n\n<div class=\"wp-block-buttons is-content-justification-center is-layout-flex wp-container-core-buttons-is-layout-a89b3969 wp-block-buttons-is-layout-flex\">\n<div class=\"wp-block-button\"><a class=\"wp-block-button__link wp-element-button\" href=\"https:\/\/lapucealoreille24.fr\/index.php\/le-secretariat\/\">Contact<\/a><\/div>\n<\/div>\n<\/div>\n<\/div>\n<\/div>\n\n\n\n<div class=\"wp-block-group alignfull has-base-background-color has-background has-global-padding is-layout-constrained wp-block-group-is-layout-constrained\">\n<div class=\"wp-block-columns alignwide tw-cols-stack-md is-layout-flex wp-container-core-columns-is-layout-207311c6 wp-block-columns-is-layout-flex tw-large-gap\">\n<div class=\"wp-block-column is-layout-flow wp-block-column-is-layout-flow\">\n<figure class=\"wp-block-image size-large\"><img loading=\"lazy\" decoding=\"async\" width=\"1024\" height=\"695\" src=\"https:\/\/25652nbuvou.preview.infomaniak.website\/wp-content\/uploads\/2025\/02\/WhatsApp-Image-2025-02-10-a-15.17.27_6cd92040-1024x695.jpg\" alt=\"\" class=\"wp-image-337\" srcset=\"https:\/\/lapucealoreille24.fr\/wp-content\/uploads\/2025\/02\/WhatsApp-Image-2025-02-10-a-15.17.27_6cd92040-1024x695.jpg 1024w, https:\/\/lapucealoreille24.fr\/wp-content\/uploads\/2025\/02\/WhatsApp-Image-2025-02-10-a-15.17.27_6cd92040-300x204.jpg 300w, https:\/\/lapucealoreille24.fr\/wp-content\/uploads\/2025\/02\/WhatsApp-Image-2025-02-10-a-15.17.27_6cd92040-768x521.jpg 768w, https:\/\/lapucealoreille24.fr\/wp-content\/uploads\/2025\/02\/WhatsApp-Image-2025-02-10-a-15.17.27_6cd92040.jpg 1130w\" sizes=\"auto, (max-width: 1024px) 100vw, 1024px\" \/><\/figure>\n<\/div>\n\n\n\n<div class=\"wp-block-column is-vertically-aligned-center has-global-padding is-content-justification-left is-layout-constrained wp-container-core-column-is-layout-12dd3699 wp-block-column-is-layout-constrained\">\n<h2 class=\"wp-block-heading\">Assembl\u00e9e G\u00e9n\u00e9rale<\/h2>\n\n\n\n<p>lundi 9 mars 2026<\/p>\n<\/div>\n<\/div>\n<\/div>\n\n\n\n<div data-wp-interactive=\"core\/file\" class=\"wp-block-file alignwide\"><object data-wp-bind--hidden=\"!state.hasPdfPreview\" hidden class=\"wp-block-file__embed\" data=\"https:\/\/lapucealoreille24.fr\/wp-content\/uploads\/2026\/03\/CR-AG-2026-03.pdf\" type=\"application\/pdf\" style=\"width:100%;height:600px\" aria-label=\"Contenu embarqu\u00e9 CR AG 2026 03.\"><\/object><a id=\"wp-block-file--media-36a6053b-5d71-4097-9486-f15ef57b19a5\" href=\"https:\/\/lapucealoreille24.fr\/wp-content\/uploads\/2026\/03\/CR-AG-2026-03.pdf\">CR AG 2026 03<\/a><a href=\"https:\/\/lapucealoreille24.fr\/wp-content\/uploads\/2026\/03\/CR-AG-2026-03.pdf\" class=\"wp-block-file__button wp-element-button\" download aria-describedby=\"wp-block-file--media-36a6053b-5d71-4097-9486-f15ef57b19a5\">T\u00e9l\u00e9charger<\/a><\/div>\n","protected":false},"excerpt":{"rendered":"<p>L&rsquo;histoire de la puce Fond\u00e9e en 2012, l\u2019association permet \u00e0 de plus en plus d\u2019\u00e9l\u00e8ves de pratiquer un instrument Nous conna\u00eetre Les statuts Vous pouvez t\u00e9l\u00e9charger les statuts de l\u2019association&nbsp;: Le projet D\u00e9couvrez l\u2019\u00e9cole par&nbsp;: Contactez-nous N\u2019h\u00e9sitez pas \u00e0 nous contacter si vous avez envie d\u2019apprendre \u00e0 jouer d\u2019un instrument ou \u00e0 chanter&nbsp;! Assembl\u00e9e G\u00e9n\u00e9rale [&hellip;]<\/p>\n","protected":false},"author":1,"featured_media":49,"parent":0,"menu_order":0,"comment_status":"closed","ping_status":"closed","template":"","meta":{"footnotes":""},"class_list":["post-129","page","type-page","status-publish","has-post-thumbnail","hentry"],"_links":{"self":[{"href":"https:\/\/lapucealoreille24.fr\/index.php\/wp-json\/wp\/v2\/pages\/129","targetHints":{"allow":["GET"]}}],"collection":[{"href":"https:\/\/lapucealoreille24.fr\/index.php\/wp-json\/wp\/v2\/pages"}],"about":[{"href":"https:\/\/lapucealoreille24.fr\/index.php\/wp-json\/wp\/v2\/types\/page"}],"author":[{"embeddable":true,"href":"https:\/\/lapucealoreille24.fr\/index.php\/wp-json\/wp\/v2\/users\/1"}],"replies":[{"embeddable":true,"href":"https:\/\/lapucealoreille24.fr\/index.php\/wp-json\/wp\/v2\/comments?post=129"}],"version-history":[{"count":9,"href":"https:\/\/lapucealoreille24.fr\/index.php\/wp-json\/wp\/v2\/pages\/129\/revisions"}],"predecessor-version":[{"id":627,"href":"https:\/\/lapucealoreille24.fr\/index.php\/wp-json\/wp\/v2\/pages\/129\/revisions\/627"}],"wp:featuredmedia":[{"embeddable":true,"href":"https:\/\/lapucealoreille24.fr\/index.php\/wp-json\/wp\/v2\/media\/49"}],"wp:attachment":[{"href":"https:\/\/lapucealoreille24.fr\/index.php\/wp-json\/wp\/v2\/media?parent=129"}],"curies":[{"name":"wp","href":"https:\/\/api.w.org\/{rel}","templated":true}]}}