{"id":140,"date":"2024-11-22T08:55:45","date_gmt":"2024-11-22T07:55:45","guid":{"rendered":"https:\/\/www.blog.lapucealoreille24.fr\/?page_id=140"},"modified":"2026-04-09T11:53:41","modified_gmt":"2026-04-09T09:53:41","slug":"lhistoire-de-la-puce","status":"publish","type":"page","link":"https:\/\/lapucealoreille24.fr\/index.php\/lhistoire-de-la-puce\/","title":{"rendered":"L&rsquo;histoire de la puce"},"content":{"rendered":"\n<h2 class=\"wp-block-heading\" id=\"sommaire_1\">Constitution de l\u2019association<\/h2>\n\n\n\n<p>Fond\u00e9e en 2012, l\u2019association permet \u00e0 de plus en plus d&rsquo;\u00e9l\u00e8ves de pratiquer un instrument de musique. <\/p>\n\n\n\n<p> L\u2019association g\u00e8re une \u00e9cole de musique qui couvre, en 2012, le territoire de la communaut\u00e9 de communes du Pays de Lanouaille (11 communes).<\/p>\n\n\n\n<p>Les premiers cours se sont d\u00e9roul\u00e9s \u00e0 Lanouaille et Payzac o\u00f9 les municipalit\u00e9s ont mis des salles \u00e0 disposition. D\u2019autres communes et organismes tels que le cr\u00e9dit agricole, des associations amies, ont rapidement apport\u00e9 leur soutien par le biais de don ou de subvention.<\/p>\n\n\n\n<p>Au d\u00e9part, 2 professeurs proposaient \u00e0 43 \u00e9l\u00e8ves (de 3 \u00e0 80 ans) plusieurs activit\u00e9s\u00a0:<\/p>\n\n\n\n<ul class=\"wp-block-list\">\n<li>\u00e9veil musical,<\/li>\n\n\n\n<li>guitare,<\/li>\n\n\n\n<li>piano,<\/li>\n\n\n\n<li>chant et solf\u00e8ge adulte.<\/li>\n<\/ul>\n\n\n\n<p>Des interventions en milieu scolaire ont \u00e9galement permis de toucher le jeune public.<\/p>\n\n\n\n<p>Puis interventions aupr\u00e8s des TAP (temps p\u00e9riscolaire), du RAM (relais d\u2019assistantes maternelles)<\/p>\n\n\n\n<p>Une autre dimension de l\u2019association&nbsp;: mettre en place des animations \u00e0 destination de tout public telles que&nbsp;:<\/p>\n\n\n\n<ul class=\"wp-block-list\">\n<li>les ap\u00e9ros chant\u00e9s<\/li>\n\n\n\n<li>puis les veill\u00e9es chant\u00e9es,<\/li>\n\n\n\n<li>f\u00eate de No\u00ebl avec les \u00e9l\u00e8ves musiciens,<\/li>\n\n\n\n<li>f\u00eate de fin d\u2019ann\u00e9e scolaire,<\/li>\n\n\n\n<li>f\u00eate de la musique,<\/li>\n\n\n\n<li>march\u00e9 festif,<\/li>\n\n\n\n<li>participation au Corso Fleuri.<\/li>\n<\/ul>\n\n\n\n<p>Autre date marquante&nbsp;: janvier 2016, \u00e0 Bergerac, concert de L\u2019orchestre des jeunes du conservatoire de St P\u00e9tersbourg. De nombreux adh\u00e9rents ont particip\u00e9 \u00e0 ce d\u00e9placement organis\u00e9 par l\u2019association.<\/p>\n\n\n\n<blockquote class=\"wp-block-quote is-layout-flow wp-block-quote-is-layout-flow\">\n<p>La Puce \u00e0 l\u2019Oreille c\u2019est tout \u00e7a&nbsp;!<\/p>\n<\/blockquote>\n\n\n\n<figure class=\"wp-block-image\"><a href=\"https:\/\/www.lapucealoreille24.fr\/Histoire-de-la-puce.html#sommaire\"><img decoding=\"async\" src=\"https:\/\/www.lapucealoreille24.fr\/sites\/lapucealoreille24.fr\/local\/cache-vignettes\/L9xH9\/spip_out-962e3.gif?1669056328\" alt=\"Retour Sommaire\"\/><\/a><\/figure>\n\n\n\n<h2 class=\"wp-block-heading\" id=\"sommaire_2\">Maturation<\/h2>\n\n\n\n<p>En 2017 on change de nom et on modifie un peu notre logo&nbsp;: on devient \u00e9cole de musique de la communaut\u00e9 de communes de l\u2019Isle Loue Auvez\u00e8re. Le nom s\u2019allonge, le nombre de communes aussi&nbsp;: 28 communes&nbsp;!<\/p>\n\n\n\n<p>En 2020 nous avons sign\u00e9 une convention avec la communaut\u00e9 de communes qui a permis l\u2019embauche d\u2019une secr\u00e9taire comptable aujourd\u2019hui \u00e0 temps plein.<\/p>\n\n\n\n<p>\u00c0 ce jour, 8 professeurs r\u00e9mun\u00e9r\u00e9s, avec diff\u00e9rents statuts, proposent l\u2019apprentissage de diff\u00e9rents instruments\u00a0:<\/p>\n\n\n\n<ul class=\"wp-block-list\">\n<li>piano,<\/li>\n\n\n\n<li>guitare classique et electrique,<\/li>\n\n\n\n<li>guitare basse,<\/li>\n\n\n\n<li>violon,<\/li>\n\n\n\n<li>batterie,<\/li>\n\n\n\n<li>percussions,<\/li>\n\n\n\n<li>fl\u00fbte traversi\u00e8re,<\/li>\n\n\n\n<li>fl\u00fbte Am\u00e9rindienne,<\/li>\n\n\n\n<li>chant,<\/li>\n\n\n\n<li>et des ateliers collectifs&nbsp;:\n<ul class=\"wp-block-list\">\n<li>\u00e9veil musical,<\/li>\n\n\n\n<li>chant d\u00e9tente,<\/li>\n\n\n\n<li>com\u00e9die musicale,<\/li>\n\n\n\n<li>atelier vocal,<\/li>\n\n\n\n<li>le labo chanson,<\/li>\n\n\n\n<li>danse trad&rsquo;<\/li>\n\n\n\n<li>music&rsquo; actuelle<\/li>\n<\/ul>\n<\/li>\n<\/ul>\n\n\n\n<figure class=\"wp-block-image\"><a href=\"https:\/\/www.lapucealoreille24.fr\/Histoire-de-la-puce.html#sommaire\"><img decoding=\"async\" src=\"https:\/\/www.lapucealoreille24.fr\/sites\/lapucealoreille24.fr\/local\/cache-vignettes\/L9xH9\/spip_out-962e3.gif?1669056328\" alt=\"Retour Sommaire\"\/><\/a><\/figure>\n\n\n\n<h2 class=\"wp-block-heading\" id=\"sommaire_3\">Rentr\u00e9e en musique<\/h2>\n\n\n\n<p>Interventions d\u2019une heure par 2 professeurs dans des \u00e9coles primaires. Offerte par la Puce.<\/p>\n\n\n\n<figure class=\"wp-block-video\"><video height=\"478\" style=\"aspect-ratio: 848 \/ 478;\" width=\"848\" controls src=\"https:\/\/lapucealoreille24.fr\/wp-content\/uploads\/2026\/04\/RENTREE-EN-MUSIQUE-2024.mp4\"><\/video><\/figure>\n\n\n\n<figure class=\"wp-block-image\"><a href=\"https:\/\/www.lapucealoreille24.fr\/Histoire-de-la-puce.html#sommaire\"><img decoding=\"async\" src=\"https:\/\/www.lapucealoreille24.fr\/sites\/lapucealoreille24.fr\/local\/cache-vignettes\/L9xH9\/spip_out-962e3.gif?1669056328\" alt=\"Retour Sommaire\"\/><\/a><\/figure>\n\n\n\n<h2 class=\"wp-block-heading\" id=\"sommaire_4\">De plus en plus d\u2019\u00e9l\u00e8ves<\/h2>\n\n\n\n<p>Le nombre d\u2019\u00e9l\u00e8ves est en constante augmentation mis \u00e0 part l\u2019ann\u00e9e du Covid o\u00f9 les professeurs se sont adapt\u00e9s&nbsp;: cours en visio, cours au domicile du professeur avec toutes les contraintes li\u00e9es au Covid<\/p>\n\n\n\n<figure class=\"wp-block-image\"><a href=\"https:\/\/www.lapucealoreille24.fr\/Histoire-de-la-puce.html#sommaire\"><img decoding=\"async\" src=\"https:\/\/www.lapucealoreille24.fr\/sites\/lapucealoreille24.fr\/local\/cache-vignettes\/L9xH9\/spip_out-962e3.gif?1669056328\" alt=\"Retour Sommaire\"\/><\/a><\/figure>\n\n\n\n<h2 class=\"wp-block-heading\" id=\"sommaire_5\">La participation financi\u00e8re des \u00e9l\u00e8ves<\/h2>\n\n\n\n<p>Tous les professeurs sont r\u00e9mun\u00e9r\u00e9s et le calcul se fait toujours au plus juste, le co\u00fbt r\u00e9el des cours individuels n&rsquo;est pas support\u00e9 par l&rsquo;\u00e9l\u00e8ve dans sa totalit\u00e9. Nous devons faire des recherches de financements par divers moyens pour compenser les pertes financi\u00e8res.<\/p>\n\n\n\n<p>Les ateliers collectifs ont un co\u00fbt moindre et arrivent \u00e0 l&rsquo;\u00e9quilibre.<\/p>\n\n\n\n<figure class=\"wp-block-image\"><a href=\"https:\/\/www.lapucealoreille24.fr\/Histoire-de-la-puce.html#sommaire\"><img decoding=\"async\" src=\"https:\/\/www.lapucealoreille24.fr\/sites\/lapucealoreille24.fr\/local\/cache-vignettes\/L9xH9\/spip_out-962e3.gif?1669056328\" alt=\"Retour Sommaire\"\/><\/a><\/figure>\n\n\n\n<h2 class=\"wp-block-heading\" id=\"sommaire_6\">Quelques chiffres<\/h2>\n\n\n\n<figure class=\"wp-block-image\"><a href=\"https:\/\/www.lapucealoreille24.fr\/Histoire-de-la-puce.html#sommaire\"><img decoding=\"async\" src=\"https:\/\/www.lapucealoreille24.fr\/sites\/lapucealoreille24.fr\/local\/cache-vignettes\/L9xH9\/spip_out-962e3.gif?1669056328\" alt=\"Retour Sommaire\"\/><\/a><\/figure>\n\n\n\n<h3 class=\"wp-block-heading\" id=\"sommaire_7\">De 2012 \u00e0 2025 c&rsquo;est :<\/h3>\n\n\n\n<ul class=\"wp-block-list\">\n<li>1055 adh\u00e9rents<\/li>\n\n\n\n<li>35 b\u00e9n\u00e9voles engag\u00e9s<\/li>\n\n\n\n<li>10 intervenants musiciens<\/li>\n\n\n\n<li>7 professeurs salari\u00e9s<\/li>\n\n\n\n<li>1 directrice administrative salari\u00e9e<\/li>\n\n\n\n<li>12 lieux de cours<\/li>\n\n\n\n<li>13 communes accueillantes<\/li>\n<\/ul>\n\n\n\n<figure class=\"wp-block-image\"><a href=\"https:\/\/www.lapucealoreille24.fr\/Histoire-de-la-puce.html#sommaire\"><img decoding=\"async\" src=\"https:\/\/www.lapucealoreille24.fr\/sites\/lapucealoreille24.fr\/local\/cache-vignettes\/L9xH9\/spip_out-962e3.gif?1669056328\" alt=\"Retour Sommaire\"\/><\/a><\/figure>\n\n\n\n<blockquote class=\"wp-block-quote is-layout-flow wp-block-quote-is-layout-flow\">\n<p>N\u2019h\u00e9sitez pas \u00e0 nous contacter si vous avez envie d\u2019apprendre \u00e0 jouer d\u2019un instrument ou \u00e0 chanter&nbsp;!<\/p>\n<\/blockquote>\n","protected":false},"excerpt":{"rendered":"<p>Constitution de l\u2019association Fond\u00e9e en 2012, l\u2019association permet \u00e0 de plus en plus d&rsquo;\u00e9l\u00e8ves de pratiquer un instrument de musique. L\u2019association g\u00e8re une \u00e9cole de musique qui couvre, en 2012, le territoire de la communaut\u00e9 de communes du Pays de Lanouaille (11 communes). Les premiers cours se sont d\u00e9roul\u00e9s \u00e0 Lanouaille et Payzac o\u00f9 les [&hellip;]<\/p>\n","protected":false},"author":1,"featured_media":131,"parent":0,"menu_order":0,"comment_status":"closed","ping_status":"closed","template":"","meta":{"footnotes":""},"class_list":["post-140","page","type-page","status-publish","has-post-thumbnail","hentry"],"_links":{"self":[{"href":"https:\/\/lapucealoreille24.fr\/index.php\/wp-json\/wp\/v2\/pages\/140","targetHints":{"allow":["GET"]}}],"collection":[{"href":"https:\/\/lapucealoreille24.fr\/index.php\/wp-json\/wp\/v2\/pages"}],"about":[{"href":"https:\/\/lapucealoreille24.fr\/index.php\/wp-json\/wp\/v2\/types\/page"}],"author":[{"embeddable":true,"href":"https:\/\/lapucealoreille24.fr\/index.php\/wp-json\/wp\/v2\/users\/1"}],"replies":[{"embeddable":true,"href":"https:\/\/lapucealoreille24.fr\/index.php\/wp-json\/wp\/v2\/comments?post=140"}],"version-history":[{"count":3,"href":"https:\/\/lapucealoreille24.fr\/index.php\/wp-json\/wp\/v2\/pages\/140\/revisions"}],"predecessor-version":[{"id":631,"href":"https:\/\/lapucealoreille24.fr\/index.php\/wp-json\/wp\/v2\/pages\/140\/revisions\/631"}],"wp:featuredmedia":[{"embeddable":true,"href":"https:\/\/lapucealoreille24.fr\/index.php\/wp-json\/wp\/v2\/media\/131"}],"wp:attachment":[{"href":"https:\/\/lapucealoreille24.fr\/index.php\/wp-json\/wp\/v2\/media?parent=140"}],"curies":[{"name":"wp","href":"https:\/\/api.w.org\/{rel}","templated":true}]}}