{"id":147,"date":"2024-11-22T09:01:14","date_gmt":"2024-11-22T08:01:14","guid":{"rendered":"https:\/\/www.blog.lapucealoreille24.fr\/?page_id=147"},"modified":"2025-10-24T12:24:45","modified_gmt":"2025-10-24T10:24:45","slug":"le-secretariat","status":"publish","type":"page","link":"https:\/\/lapucealoreille24.fr\/index.php\/le-secretariat\/","title":{"rendered":"Le secr\u00e9tariat"},"content":{"rendered":"\n<h1 class=\"wp-block-heading\">Philom\u00e8ne vous informe&nbsp;!<\/h1>\n\n\n\n<div class=\"wp-block-media-text alignwide is-stacked-on-mobile\"><figure class=\"wp-block-media-text__media\"><img loading=\"lazy\" decoding=\"async\" width=\"769\" height=\"1024\" src=\"https:\/\/25652nbuvou.preview.infomaniak.website\/wp-content\/uploads\/2024\/03\/philo-informe-769x1024.jpg\" alt=\"\" class=\"wp-image-23 size-full\" srcset=\"https:\/\/lapucealoreille24.fr\/wp-content\/uploads\/2024\/03\/philo-informe-769x1024.jpg 769w, https:\/\/lapucealoreille24.fr\/wp-content\/uploads\/2024\/03\/philo-informe-225x300.jpg 225w, https:\/\/lapucealoreille24.fr\/wp-content\/uploads\/2024\/03\/philo-informe-768x1023.jpg 768w, https:\/\/lapucealoreille24.fr\/wp-content\/uploads\/2024\/03\/philo-informe-1153x1536.jpg 1153w, https:\/\/lapucealoreille24.fr\/wp-content\/uploads\/2024\/03\/philo-informe-1537x2048.jpg 1537w, https:\/\/lapucealoreille24.fr\/wp-content\/uploads\/2024\/03\/philo-informe-scaled.jpg 1441w\" sizes=\"auto, (max-width: 769px) 100vw, 769px\" \/><\/figure><div class=\"wp-block-media-text__content\">\n<p class=\"has-large-font-size\"><em>Vous souhaitez obtenir une information&nbsp;?<\/em><\/p>\n\n\n\n<p>Philom\u00e8ne, notre directrice, vous accueille par t\u00e9l\u00e9phone ou dans nos bureaux&nbsp;:<\/p>\n\n\n\n<ul class=\"wp-block-list\">\n<li>Lundi de 8h30 \u00e0 16h30<\/li>\n\n\n\n<li>Mardi de 8h30 \u00e0 16h30<\/li>\n\n\n\n<li>Mercredi de 8h30 \u00e0 12h (par t\u00e9l\u00e9phone uniquement)<\/li>\n\n\n\n<li>Jeudi de 8h30 \u00e0 16h30<\/li>\n\n\n\n<li>Vendredi de 8h30 \u00e0 16h30<\/li>\n<\/ul>\n\n\n\n<p>A noter&nbsp;: il est pr\u00e9f\u00e9rable de nous pr\u00e9venir avant de vous d\u00e9placer. Notre activit\u00e9, pr\u00e9sente sur plusieurs communes, demande des d\u00e9placements ponctuels \u00e0 Philom\u00e8ne.<\/p>\n\n\n\n<p>Fermetures annuelles du bureau&nbsp;:<\/p>\n\n\n\n<p>du 14&nbsp;juillet au 15&nbsp;ao\u00fbt<\/p>\n\n\n\n<p>pour les vacances de No\u00ebl<\/p>\n<\/div><\/div>\n\n\n\n<div class=\"wp-block-group alignfull has-base-2-background-color has-background has-global-padding is-layout-constrained wp-block-group-is-layout-constrained\">\n<div class=\"wp-block-columns alignwide is-layout-flex wp-container-core-columns-is-layout-4b47329e wp-block-columns-is-layout-flex tw-large-gap\">\n<div class=\"wp-block-column is-vertically-aligned-center is-layout-flow wp-block-column-is-layout-flow\">\n<h2 class=\"wp-block-heading\">Contactez-nous<\/h2>\n\n\n\n<p>Si vous avez des questions ou souhaitez simplement nous saluer, n\u2019h\u00e9sitez pas \u00e0 nous contacter. Nous vous r\u00e9pondrons au plus vite.<\/p>\n<\/div>\n\n\n\n<div class=\"wp-block-column is-vertically-aligned-center is-layout-flow wp-block-column-is-layout-flow\">\n<figure class=\"wp-block-image size-full\"><img loading=\"lazy\" decoding=\"async\" width=\"750\" height=\"549\" src=\"https:\/\/lapucealoreille24.fr\/wp-content\/uploads\/2025\/10\/coordonnees.png\" alt=\"\" class=\"wp-image-530\" srcset=\"https:\/\/lapucealoreille24.fr\/wp-content\/uploads\/2025\/10\/coordonnees.png 750w, https:\/\/lapucealoreille24.fr\/wp-content\/uploads\/2025\/10\/coordonnees-300x220.png 300w\" sizes=\"auto, (max-width: 750px) 100vw, 750px\" \/><\/figure>\n<\/div>\n<\/div>\n<\/div>\n\n\n\n<div class=\"wp-block-contact-form-7-contact-form-selector\">\n<div class=\"wpcf7 no-js\" id=\"wpcf7-f527-o1\" lang=\"fr-FR\" dir=\"ltr\" data-wpcf7-id=\"527\">\n<div class=\"screen-reader-response\"><p role=\"status\" aria-live=\"polite\" aria-atomic=\"true\"><\/p> <ul><\/ul><\/div>\n<form action=\"\/index.php\/wp-json\/wp\/v2\/pages\/147#wpcf7-f527-o1\" method=\"post\" class=\"wpcf7-form init\" aria-label=\"Formulaire de contact\" novalidate=\"novalidate\" data-status=\"init\">\n<fieldset class=\"hidden-fields-container\"><input type=\"hidden\" name=\"_wpcf7\" value=\"527\" \/><input type=\"hidden\" name=\"_wpcf7_version\" value=\"6.1.2\" \/><input type=\"hidden\" name=\"_wpcf7_locale\" value=\"fr_FR\" \/><input type=\"hidden\" name=\"_wpcf7_unit_tag\" value=\"wpcf7-f527-o1\" \/><input type=\"hidden\" name=\"_wpcf7_container_post\" value=\"0\" \/><input type=\"hidden\" name=\"_wpcf7_posted_data_hash\" value=\"\" \/>\n<\/fieldset>\n<p><label> Votre nom<br \/>\n<span class=\"wpcf7-form-control-wrap\" data-name=\"your-name\"><input size=\"40\" maxlength=\"400\" class=\"wpcf7-form-control wpcf7-text wpcf7-validates-as-required\" autocomplete=\"name\" aria-required=\"true\" aria-invalid=\"false\" value=\"\" type=\"text\" name=\"your-name\" \/><\/span> <\/label>\n<\/p>\n<p><label> Votre e-mail<br \/>\n<span class=\"wpcf7-form-control-wrap\" data-name=\"your-email\"><input size=\"40\" maxlength=\"400\" class=\"wpcf7-form-control wpcf7-email wpcf7-validates-as-required wpcf7-text wpcf7-validates-as-email\" autocomplete=\"email\" aria-required=\"true\" aria-invalid=\"false\" value=\"\" type=\"email\" name=\"your-email\" \/><\/span> <\/label>\n<\/p>\n<p><label> Objet<br \/>\n<span class=\"wpcf7-form-control-wrap\" data-name=\"your-subject\"><input size=\"40\" maxlength=\"400\" class=\"wpcf7-form-control wpcf7-text wpcf7-validates-as-required\" aria-required=\"true\" aria-invalid=\"false\" value=\"\" type=\"text\" name=\"your-subject\" \/><\/span> <\/label>\n<\/p>\n<p><label> Votre message<br \/>\n<span class=\"wpcf7-form-control-wrap\" data-name=\"your-message\"><textarea cols=\"40\" rows=\"10\" maxlength=\"2000\" class=\"wpcf7-form-control wpcf7-textarea\" aria-invalid=\"false\" name=\"your-message\"><\/textarea><\/span> <\/label>\n<\/p>\n<p><input class=\"wpcf7-form-control wpcf7-submit has-spinner\" type=\"submit\" value=\"Envoyer\" \/>\n<\/p><div class=\"wpcf7-response-output\" aria-hidden=\"true\"><\/div>\n<\/form>\n<\/div>\n<\/div>\n\n\n\n<p><\/p>\n","protected":false},"excerpt":{"rendered":"<p>Philom\u00e8ne vous informe&nbsp;! Contactez-nous Si vous avez des questions ou souhaitez simplement nous saluer, n\u2019h\u00e9sitez pas \u00e0 nous contacter. Nous vous r\u00e9pondrons au plus vite.<\/p>\n","protected":false},"author":1,"featured_media":131,"parent":0,"menu_order":0,"comment_status":"closed","ping_status":"closed","template":"","meta":{"footnotes":""},"class_list":["post-147","page","type-page","status-publish","has-post-thumbnail","hentry"],"_links":{"self":[{"href":"https:\/\/lapucealoreille24.fr\/index.php\/wp-json\/wp\/v2\/pages\/147","targetHints":{"allow":["GET"]}}],"collection":[{"href":"https:\/\/lapucealoreille24.fr\/index.php\/wp-json\/wp\/v2\/pages"}],"about":[{"href":"https:\/\/lapucealoreille24.fr\/index.php\/wp-json\/wp\/v2\/types\/page"}],"author":[{"embeddable":true,"href":"https:\/\/lapucealoreille24.fr\/index.php\/wp-json\/wp\/v2\/users\/1"}],"replies":[{"embeddable":true,"href":"https:\/\/lapucealoreille24.fr\/index.php\/wp-json\/wp\/v2\/comments?post=147"}],"version-history":[{"count":15,"href":"https:\/\/lapucealoreille24.fr\/index.php\/wp-json\/wp\/v2\/pages\/147\/revisions"}],"predecessor-version":[{"id":532,"href":"https:\/\/lapucealoreille24.fr\/index.php\/wp-json\/wp\/v2\/pages\/147\/revisions\/532"}],"wp:featuredmedia":[{"embeddable":true,"href":"https:\/\/lapucealoreille24.fr\/index.php\/wp-json\/wp\/v2\/media\/131"}],"wp:attachment":[{"href":"https:\/\/lapucealoreille24.fr\/index.php\/wp-json\/wp\/v2\/media?parent=147"}],"curies":[{"name":"wp","href":"https:\/\/api.w.org\/{rel}","templated":true}]}}