{"id":153,"date":"2024-11-22T09:10:34","date_gmt":"2024-11-22T08:10:34","guid":{"rendered":"https:\/\/www.blog.lapucealoreille24.fr\/?page_id=153"},"modified":"2026-04-09T12:19:02","modified_gmt":"2026-04-09T10:19:02","slug":"le-conseil-collegial","status":"publish","type":"page","link":"https:\/\/lapucealoreille24.fr\/index.php\/le-conseil-collegial\/","title":{"rendered":"Le conseil coll\u00e9gial"},"content":{"rendered":"\n<p>Le conseil coll\u00e9gial&nbsp;est un organe de gouvernance compos\u00e9 de plusieurs membres qui exercent des responsabilit\u00e9s de mani\u00e8re \u00e9gale et collective, sans hi\u00e9rarchie formelle, favorisant un partage \u00e9quitable du pouvoir d\u00e9cisionnel.<\/p>\n\n\n\n<p>Sont membres du conseil coll\u00e9gial&nbsp;:<\/p>\n\n\n\n<ul class=\"wp-block-list\">\n<li>Alani Calandreau<\/li>\n\n\n\n<li>V\u00e9ronique Garcia<\/li>\n\n\n\n<li>Myriam Zoubiri-Tallet<\/li>\n\n\n\n<li>Patricia Magnou<\/li>\n\n\n\n<li>Solange Venant<\/li>\n\n\n\n<li>Nathalie Novion<\/li>\n\n\n\n<li>Marianne Lasternas<\/li>\n\n\n\n<li>Jean-Paul Venant<\/li>\n\n\n\n<li>Sylviane Lef\u00e8vre <\/li>\n\n\n\n<li>Justine Novion<\/li>\n<\/ul>\n\n\n\n<figure class=\"wp-block-image size-large\"><img loading=\"lazy\" decoding=\"async\" width=\"1024\" height=\"766\" src=\"https:\/\/25652nbuvou.preview.infomaniak.website\/wp-content\/uploads\/2025\/07\/WhatsApp-Image-2025-07-07-a-10.32.32_217854e8-1024x766.jpg\" alt=\"\" class=\"wp-image-378\" srcset=\"https:\/\/lapucealoreille24.fr\/wp-content\/uploads\/2025\/07\/WhatsApp-Image-2025-07-07-a-10.32.32_217854e8-1024x766.jpg 1024w, https:\/\/lapucealoreille24.fr\/wp-content\/uploads\/2025\/07\/WhatsApp-Image-2025-07-07-a-10.32.32_217854e8-300x224.jpg 300w, https:\/\/lapucealoreille24.fr\/wp-content\/uploads\/2025\/07\/WhatsApp-Image-2025-07-07-a-10.32.32_217854e8-768x575.jpg 768w, https:\/\/lapucealoreille24.fr\/wp-content\/uploads\/2025\/07\/WhatsApp-Image-2025-07-07-a-10.32.32_217854e8-1536x1149.jpg 1536w, https:\/\/lapucealoreille24.fr\/wp-content\/uploads\/2025\/07\/WhatsApp-Image-2025-07-07-a-10.32.32_217854e8.jpg 1600w\" sizes=\"auto, (max-width: 1024px) 100vw, 1024px\" \/><\/figure>\n\n\n\n<h2 class=\"wp-block-heading\">Les b\u00e9n\u00e9voles<\/h2>\n\n\n\n<p>L\u2019\u00e9quipe de b\u00e9n\u00e9voles de l\u2019association met r\u00e9guli\u00e8rement la main \u00e0 la p\u00e2te&nbsp;(au propre comme au figur\u00e9) pour trouver des financements compl\u00e9mentaires. Cela passe entre autre par l\u2019organisation de soir\u00e9es, et de concerts.<\/p>\n\n\n\n<blockquote class=\"wp-block-quote is-layout-flow wp-block-quote-is-layout-flow\">\n<p><strong>Des actions dynamiques !<\/strong><\/p>\n<\/blockquote>\n\n\n\n<p data-wp-context---core-fit-text=\"core\/fit-text::{&quot;fontSize&quot;:&quot;&quot;}\" data-wp-init---core-fit-text=\"core\/fit-text::callbacks.init\" data-wp-interactive data-wp-style--font-size=\"core\/fit-text::context.fontSize\" class=\"has-fit-text\">Buffet Soupes Concert<\/p>\n\n\n\n<figure class=\"wp-block-image size-full\"><img loading=\"lazy\" decoding=\"async\" width=\"800\" height=\"600\" src=\"https:\/\/lapucealoreille24.fr\/wp-content\/uploads\/2026\/04\/2024soireesoupe156.jpg\" alt=\"\" class=\"wp-image-633\" srcset=\"https:\/\/lapucealoreille24.fr\/wp-content\/uploads\/2026\/04\/2024soireesoupe156.jpg 800w, https:\/\/lapucealoreille24.fr\/wp-content\/uploads\/2026\/04\/2024soireesoupe156-300x225.jpg 300w, https:\/\/lapucealoreille24.fr\/wp-content\/uploads\/2026\/04\/2024soireesoupe156-768x576.jpg 768w\" sizes=\"auto, (max-width: 800px) 100vw, 800px\" \/><\/figure>\n\n\n\n<figure class=\"wp-block-image size-full\"><img loading=\"lazy\" decoding=\"async\" width=\"800\" height=\"600\" src=\"https:\/\/lapucealoreille24.fr\/wp-content\/uploads\/2026\/04\/2024soireesoupe143.jpg\" alt=\"\" class=\"wp-image-634\" srcset=\"https:\/\/lapucealoreille24.fr\/wp-content\/uploads\/2026\/04\/2024soireesoupe143.jpg 800w, https:\/\/lapucealoreille24.fr\/wp-content\/uploads\/2026\/04\/2024soireesoupe143-300x225.jpg 300w, https:\/\/lapucealoreille24.fr\/wp-content\/uploads\/2026\/04\/2024soireesoupe143-768x576.jpg 768w\" sizes=\"auto, (max-width: 800px) 100vw, 800px\" \/><\/figure>\n\n\n\n<figure class=\"wp-block-image size-full\"><img loading=\"lazy\" decoding=\"async\" width=\"800\" height=\"600\" src=\"https:\/\/lapucealoreille24.fr\/wp-content\/uploads\/2026\/04\/2024soireesoupe146.jpg\" alt=\"\" class=\"wp-image-635\" srcset=\"https:\/\/lapucealoreille24.fr\/wp-content\/uploads\/2026\/04\/2024soireesoupe146.jpg 800w, https:\/\/lapucealoreille24.fr\/wp-content\/uploads\/2026\/04\/2024soireesoupe146-300x225.jpg 300w, https:\/\/lapucealoreille24.fr\/wp-content\/uploads\/2026\/04\/2024soireesoupe146-768x576.jpg 768w\" sizes=\"auto, (max-width: 800px) 100vw, 800px\" \/><\/figure>\n\n\n\n<figure class=\"wp-block-image size-full\"><img loading=\"lazy\" decoding=\"async\" width=\"800\" height=\"600\" src=\"https:\/\/lapucealoreille24.fr\/wp-content\/uploads\/2026\/04\/2024soireesoupe139.jpg\" alt=\"\" class=\"wp-image-636\" srcset=\"https:\/\/lapucealoreille24.fr\/wp-content\/uploads\/2026\/04\/2024soireesoupe139.jpg 800w, https:\/\/lapucealoreille24.fr\/wp-content\/uploads\/2026\/04\/2024soireesoupe139-300x225.jpg 300w, https:\/\/lapucealoreille24.fr\/wp-content\/uploads\/2026\/04\/2024soireesoupe139-768x576.jpg 768w\" sizes=\"auto, (max-width: 800px) 100vw, 800px\" \/><\/figure>\n\n\n\n<figure class=\"wp-block-image size-full\"><img loading=\"lazy\" decoding=\"async\" width=\"800\" height=\"600\" src=\"https:\/\/lapucealoreille24.fr\/wp-content\/uploads\/2026\/04\/2024soireesoupe172.jpg\" alt=\"\" class=\"wp-image-637\" srcset=\"https:\/\/lapucealoreille24.fr\/wp-content\/uploads\/2026\/04\/2024soireesoupe172.jpg 800w, https:\/\/lapucealoreille24.fr\/wp-content\/uploads\/2026\/04\/2024soireesoupe172-300x225.jpg 300w, https:\/\/lapucealoreille24.fr\/wp-content\/uploads\/2026\/04\/2024soireesoupe172-768x576.jpg 768w\" sizes=\"auto, (max-width: 800px) 100vw, 800px\" \/><\/figure>\n\n\n\n<p data-wp-context---core-fit-text=\"core\/fit-text::{&quot;fontSize&quot;:&quot;&quot;}\" data-wp-init---core-fit-text=\"core\/fit-text::callbacks.init\" data-wp-interactive data-wp-style--font-size=\"core\/fit-text::context.fontSize\" class=\"has-fit-text\">Organisation de concert<\/p>\n\n\n\n<figure class=\"wp-block-image size-large\"><img loading=\"lazy\" decoding=\"async\" width=\"1024\" height=\"768\" src=\"https:\/\/lapucealoreille24.fr\/wp-content\/uploads\/2026\/04\/camaieu-4-1024x768.jpg\" alt=\"\" class=\"wp-image-638\" srcset=\"https:\/\/lapucealoreille24.fr\/wp-content\/uploads\/2026\/04\/camaieu-4-1024x768.jpg 1024w, https:\/\/lapucealoreille24.fr\/wp-content\/uploads\/2026\/04\/camaieu-4-300x225.jpg 300w, https:\/\/lapucealoreille24.fr\/wp-content\/uploads\/2026\/04\/camaieu-4-768x576.jpg 768w, https:\/\/lapucealoreille24.fr\/wp-content\/uploads\/2026\/04\/camaieu-4-1536x1152.jpg 1536w, https:\/\/lapucealoreille24.fr\/wp-content\/uploads\/2026\/04\/camaieu-4.jpg 1920w\" sizes=\"auto, (max-width: 1024px) 100vw, 1024px\" \/><\/figure>\n\n\n\n<figure class=\"wp-block-image size-large\"><img loading=\"lazy\" decoding=\"async\" width=\"1024\" height=\"768\" src=\"https:\/\/lapucealoreille24.fr\/wp-content\/uploads\/2026\/04\/camaieu-3-1024x768.jpg\" alt=\"\" class=\"wp-image-639\" srcset=\"https:\/\/lapucealoreille24.fr\/wp-content\/uploads\/2026\/04\/camaieu-3-1024x768.jpg 1024w, https:\/\/lapucealoreille24.fr\/wp-content\/uploads\/2026\/04\/camaieu-3-300x225.jpg 300w, https:\/\/lapucealoreille24.fr\/wp-content\/uploads\/2026\/04\/camaieu-3-768x576.jpg 768w, https:\/\/lapucealoreille24.fr\/wp-content\/uploads\/2026\/04\/camaieu-3-1536x1152.jpg 1536w, https:\/\/lapucealoreille24.fr\/wp-content\/uploads\/2026\/04\/camaieu-3.jpg 1920w\" sizes=\"auto, (max-width: 1024px) 100vw, 1024px\" \/><\/figure>\n\n\n\n<figure class=\"wp-block-image size-large\"><img loading=\"lazy\" decoding=\"async\" width=\"1024\" height=\"768\" src=\"https:\/\/lapucealoreille24.fr\/wp-content\/uploads\/2026\/04\/camaieu-2-1024x768.jpg\" alt=\"\" class=\"wp-image-640\" srcset=\"https:\/\/lapucealoreille24.fr\/wp-content\/uploads\/2026\/04\/camaieu-2-1024x768.jpg 1024w, https:\/\/lapucealoreille24.fr\/wp-content\/uploads\/2026\/04\/camaieu-2-300x225.jpg 300w, https:\/\/lapucealoreille24.fr\/wp-content\/uploads\/2026\/04\/camaieu-2-768x576.jpg 768w, https:\/\/lapucealoreille24.fr\/wp-content\/uploads\/2026\/04\/camaieu-2-1536x1152.jpg 1536w, https:\/\/lapucealoreille24.fr\/wp-content\/uploads\/2026\/04\/camaieu-2.jpg 1920w\" sizes=\"auto, (max-width: 1024px) 100vw, 1024px\" \/><\/figure>\n\n\n\n<figure class=\"wp-block-image size-large\"><img loading=\"lazy\" decoding=\"async\" width=\"1024\" height=\"548\" src=\"https:\/\/lapucealoreille24.fr\/wp-content\/uploads\/2026\/04\/benevoles-biffet-soupe-1024x548.jpeg\" alt=\"\" class=\"wp-image-641\" srcset=\"https:\/\/lapucealoreille24.fr\/wp-content\/uploads\/2026\/04\/benevoles-biffet-soupe-1024x548.jpeg 1024w, https:\/\/lapucealoreille24.fr\/wp-content\/uploads\/2026\/04\/benevoles-biffet-soupe-300x161.jpeg 300w, https:\/\/lapucealoreille24.fr\/wp-content\/uploads\/2026\/04\/benevoles-biffet-soupe-768x411.jpeg 768w, https:\/\/lapucealoreille24.fr\/wp-content\/uploads\/2026\/04\/benevoles-biffet-soupe.jpeg 1400w\" sizes=\"auto, (max-width: 1024px) 100vw, 1024px\" \/><\/figure>\n\n\n\n<p data-wp-context---core-fit-text=\"core\/fit-text::{&quot;fontSize&quot;:&quot;&quot;}\" data-wp-init---core-fit-text=\"core\/fit-text::callbacks.init\" data-wp-interactive data-wp-style--font-size=\"core\/fit-text::context.fontSize\" class=\"has-fit-text\">Organisation d&rsquo;un loto<\/p>\n\n\n\n<figure class=\"wp-block-image size-large\"><img loading=\"lazy\" decoding=\"async\" width=\"1024\" height=\"768\" src=\"https:\/\/lapucealoreille24.fr\/wp-content\/uploads\/2026\/04\/IMG_20260201_143240-1024x768.webp\" alt=\"\" class=\"wp-image-642\" srcset=\"https:\/\/lapucealoreille24.fr\/wp-content\/uploads\/2026\/04\/IMG_20260201_143240-1024x768.webp 1024w, https:\/\/lapucealoreille24.fr\/wp-content\/uploads\/2026\/04\/IMG_20260201_143240-300x225.webp 300w, https:\/\/lapucealoreille24.fr\/wp-content\/uploads\/2026\/04\/IMG_20260201_143240-768x576.webp 768w, https:\/\/lapucealoreille24.fr\/wp-content\/uploads\/2026\/04\/IMG_20260201_143240.webp 1033w\" sizes=\"auto, (max-width: 1024px) 100vw, 1024px\" \/><\/figure>\n\n\n\n<figure class=\"wp-block-image size-large\"><img loading=\"lazy\" decoding=\"async\" width=\"1024\" height=\"768\" src=\"https:\/\/lapucealoreille24.fr\/wp-content\/uploads\/2026\/04\/IMG20260201144741_BURST001_COVER-1024x768.webp\" alt=\"\" class=\"wp-image-643\" srcset=\"https:\/\/lapucealoreille24.fr\/wp-content\/uploads\/2026\/04\/IMG20260201144741_BURST001_COVER-1024x768.webp 1024w, https:\/\/lapucealoreille24.fr\/wp-content\/uploads\/2026\/04\/IMG20260201144741_BURST001_COVER-300x225.webp 300w, https:\/\/lapucealoreille24.fr\/wp-content\/uploads\/2026\/04\/IMG20260201144741_BURST001_COVER-768x576.webp 768w, https:\/\/lapucealoreille24.fr\/wp-content\/uploads\/2026\/04\/IMG20260201144741_BURST001_COVER.webp 1033w\" sizes=\"auto, (max-width: 1024px) 100vw, 1024px\" \/><\/figure>\n\n\n\n<figure class=\"wp-block-image size-full\"><img loading=\"lazy\" decoding=\"async\" width=\"581\" height=\"775\" src=\"https:\/\/lapucealoreille24.fr\/wp-content\/uploads\/2026\/04\/IMG_20260201_152701.webp\" alt=\"\" class=\"wp-image-644\" srcset=\"https:\/\/lapucealoreille24.fr\/wp-content\/uploads\/2026\/04\/IMG_20260201_152701.webp 581w, https:\/\/lapucealoreille24.fr\/wp-content\/uploads\/2026\/04\/IMG_20260201_152701-225x300.webp 225w\" sizes=\"auto, (max-width: 581px) 100vw, 581px\" \/><\/figure>\n\n\n\n<figure class=\"wp-block-image size-full\"><img loading=\"lazy\" decoding=\"async\" width=\"581\" height=\"775\" src=\"https:\/\/lapucealoreille24.fr\/wp-content\/uploads\/2026\/04\/IMG_20260201_155524.webp\" alt=\"\" class=\"wp-image-645\" srcset=\"https:\/\/lapucealoreille24.fr\/wp-content\/uploads\/2026\/04\/IMG_20260201_155524.webp 581w, https:\/\/lapucealoreille24.fr\/wp-content\/uploads\/2026\/04\/IMG_20260201_155524-225x300.webp 225w\" sizes=\"auto, (max-width: 581px) 100vw, 581px\" \/><\/figure>\n\n\n\n<p data-wp-context---core-fit-text=\"core\/fit-text::{&quot;fontSize&quot;:&quot;&quot;}\" data-wp-init---core-fit-text=\"core\/fit-text::callbacks.init\" data-wp-interactive data-wp-style--font-size=\"core\/fit-text::context.fontSize\" class=\"has-fit-text\">Participations \u00e0 la vie locale<\/p>\n\n\n\n<figure class=\"wp-block-image size-full\"><img loading=\"lazy\" decoding=\"async\" width=\"1024\" height=\"768\" src=\"https:\/\/lapucealoreille24.fr\/wp-content\/uploads\/2026\/04\/image_1498828_20251206_ob_fd02bb_img-7807.webp\" alt=\"\" class=\"wp-image-646\" srcset=\"https:\/\/lapucealoreille24.fr\/wp-content\/uploads\/2026\/04\/image_1498828_20251206_ob_fd02bb_img-7807.webp 1024w, https:\/\/lapucealoreille24.fr\/wp-content\/uploads\/2026\/04\/image_1498828_20251206_ob_fd02bb_img-7807-300x225.webp 300w, https:\/\/lapucealoreille24.fr\/wp-content\/uploads\/2026\/04\/image_1498828_20251206_ob_fd02bb_img-7807-768x576.webp 768w\" sizes=\"auto, (max-width: 1024px) 100vw, 1024px\" \/><\/figure>\n\n\n\n<figure class=\"wp-block-image size-large\"><img loading=\"lazy\" decoding=\"async\" width=\"1024\" height=\"766\" src=\"https:\/\/lapucealoreille24.fr\/wp-content\/uploads\/2026\/04\/instruments-puce-1024x766.jpg\" alt=\"\" class=\"wp-image-647\" srcset=\"https:\/\/lapucealoreille24.fr\/wp-content\/uploads\/2026\/04\/instruments-puce-1024x766.jpg 1024w, https:\/\/lapucealoreille24.fr\/wp-content\/uploads\/2026\/04\/instruments-puce-300x224.jpg 300w, https:\/\/lapucealoreille24.fr\/wp-content\/uploads\/2026\/04\/instruments-puce-768x575.jpg 768w, https:\/\/lapucealoreille24.fr\/wp-content\/uploads\/2026\/04\/instruments-puce.jpg 1160w\" sizes=\"auto, (max-width: 1024px) 100vw, 1024px\" \/><\/figure>\n\n\n\n<figure class=\"wp-block-image size-large\"><img loading=\"lazy\" decoding=\"async\" width=\"1024\" height=\"768\" src=\"https:\/\/lapucealoreille24.fr\/wp-content\/uploads\/2026\/04\/violon-1-1024x768.jpg\" alt=\"\" class=\"wp-image-649\" srcset=\"https:\/\/lapucealoreille24.fr\/wp-content\/uploads\/2026\/04\/violon-1-1024x768.jpg 1024w, https:\/\/lapucealoreille24.fr\/wp-content\/uploads\/2026\/04\/violon-1-300x225.jpg 300w, https:\/\/lapucealoreille24.fr\/wp-content\/uploads\/2026\/04\/violon-1-768x576.jpg 768w, https:\/\/lapucealoreille24.fr\/wp-content\/uploads\/2026\/04\/violon-1.jpg 1280w\" sizes=\"auto, (max-width: 1024px) 100vw, 1024px\" \/><\/figure>\n\n\n\n<figure class=\"wp-block-image size-full\"><img loading=\"lazy\" decoding=\"async\" width=\"960\" height=\"719\" src=\"https:\/\/lapucealoreille24.fr\/wp-content\/uploads\/2026\/04\/Photo-audition-LPAO-2024.jpg\" alt=\"\" class=\"wp-image-650\" srcset=\"https:\/\/lapucealoreille24.fr\/wp-content\/uploads\/2026\/04\/Photo-audition-LPAO-2024.jpg 960w, https:\/\/lapucealoreille24.fr\/wp-content\/uploads\/2026\/04\/Photo-audition-LPAO-2024-300x225.jpg 300w, https:\/\/lapucealoreille24.fr\/wp-content\/uploads\/2026\/04\/Photo-audition-LPAO-2024-768x575.jpg 768w\" sizes=\"auto, (max-width: 960px) 100vw, 960px\" \/><\/figure>\n\n\n\n<figure class=\"wp-block-image size-large\"><img loading=\"lazy\" decoding=\"async\" width=\"1024\" height=\"768\" src=\"https:\/\/lapucealoreille24.fr\/wp-content\/uploads\/2026\/04\/20210828_111122-1024x768.jpg\" alt=\"\" class=\"wp-image-651\" srcset=\"https:\/\/lapucealoreille24.fr\/wp-content\/uploads\/2026\/04\/20210828_111122-1024x768.jpg 1024w, https:\/\/lapucealoreille24.fr\/wp-content\/uploads\/2026\/04\/20210828_111122-300x225.jpg 300w, https:\/\/lapucealoreille24.fr\/wp-content\/uploads\/2026\/04\/20210828_111122-768x576.jpg 768w, https:\/\/lapucealoreille24.fr\/wp-content\/uploads\/2026\/04\/20210828_111122-1536x1152.jpg 1536w, https:\/\/lapucealoreille24.fr\/wp-content\/uploads\/2026\/04\/20210828_111122.jpg 1920w\" sizes=\"auto, (max-width: 1024px) 100vw, 1024px\" \/><\/figure>\n\n\n\n<figure class=\"wp-block-image size-large\"><img loading=\"lazy\" decoding=\"async\" width=\"1024\" height=\"683\" src=\"https:\/\/lapucealoreille24.fr\/wp-content\/uploads\/2026\/04\/D81_7780-1024x683.jpg\" alt=\"\" class=\"wp-image-652\" srcset=\"https:\/\/lapucealoreille24.fr\/wp-content\/uploads\/2026\/04\/D81_7780-1024x683.jpg 1024w, https:\/\/lapucealoreille24.fr\/wp-content\/uploads\/2026\/04\/D81_7780-300x200.jpg 300w, https:\/\/lapucealoreille24.fr\/wp-content\/uploads\/2026\/04\/D81_7780-768x512.jpg 768w, https:\/\/lapucealoreille24.fr\/wp-content\/uploads\/2026\/04\/D81_7780-1536x1025.jpg 1536w, https:\/\/lapucealoreille24.fr\/wp-content\/uploads\/2026\/04\/D81_7780.jpg 1920w\" sizes=\"auto, (max-width: 1024px) 100vw, 1024px\" \/><\/figure>\n\n\n\n<figure class=\"wp-block-image size-large\"><img loading=\"lazy\" decoding=\"async\" width=\"1024\" height=\"768\" src=\"https:\/\/lapucealoreille24.fr\/wp-content\/uploads\/2026\/04\/20230629_101727-1024x768.jpg\" alt=\"\" class=\"wp-image-653\" srcset=\"https:\/\/lapucealoreille24.fr\/wp-content\/uploads\/2026\/04\/20230629_101727-1024x768.jpg 1024w, https:\/\/lapucealoreille24.fr\/wp-content\/uploads\/2026\/04\/20230629_101727-300x225.jpg 300w, https:\/\/lapucealoreille24.fr\/wp-content\/uploads\/2026\/04\/20230629_101727-768x576.jpg 768w, https:\/\/lapucealoreille24.fr\/wp-content\/uploads\/2026\/04\/20230629_101727-1536x1152.jpg 1536w, https:\/\/lapucealoreille24.fr\/wp-content\/uploads\/2026\/04\/20230629_101727.jpg 1920w\" sizes=\"auto, (max-width: 1024px) 100vw, 1024px\" \/><\/figure>\n\n\n\n<figure class=\"wp-block-image size-large\"><img loading=\"lazy\" decoding=\"async\" width=\"1024\" height=\"663\" src=\"https:\/\/lapucealoreille24.fr\/wp-content\/uploads\/2026\/04\/IMG_20210607_094903-1-1024x663.jpg\" alt=\"\" class=\"wp-image-654\" srcset=\"https:\/\/lapucealoreille24.fr\/wp-content\/uploads\/2026\/04\/IMG_20210607_094903-1-1024x663.jpg 1024w, https:\/\/lapucealoreille24.fr\/wp-content\/uploads\/2026\/04\/IMG_20210607_094903-1-300x194.jpg 300w, https:\/\/lapucealoreille24.fr\/wp-content\/uploads\/2026\/04\/IMG_20210607_094903-1-768x498.jpg 768w, https:\/\/lapucealoreille24.fr\/wp-content\/uploads\/2026\/04\/IMG_20210607_094903-1-1536x995.jpg 1536w, https:\/\/lapucealoreille24.fr\/wp-content\/uploads\/2026\/04\/IMG_20210607_094903-1.jpg 1920w\" sizes=\"auto, (max-width: 1024px) 100vw, 1024px\" \/><\/figure>\n\n\n\n<figure class=\"wp-block-image size-large\"><img loading=\"lazy\" decoding=\"async\" width=\"1024\" height=\"768\" src=\"https:\/\/lapucealoreille24.fr\/wp-content\/uploads\/2026\/04\/Merci-Ecoliers-de-Genis-1024x768.jpg\" alt=\"\" class=\"wp-image-655\" srcset=\"https:\/\/lapucealoreille24.fr\/wp-content\/uploads\/2026\/04\/Merci-Ecoliers-de-Genis-1024x768.jpg 1024w, https:\/\/lapucealoreille24.fr\/wp-content\/uploads\/2026\/04\/Merci-Ecoliers-de-Genis-300x225.jpg 300w, https:\/\/lapucealoreille24.fr\/wp-content\/uploads\/2026\/04\/Merci-Ecoliers-de-Genis-768x576.jpg 768w, https:\/\/lapucealoreille24.fr\/wp-content\/uploads\/2026\/04\/Merci-Ecoliers-de-Genis-1536x1152.jpg 1536w, https:\/\/lapucealoreille24.fr\/wp-content\/uploads\/2026\/04\/Merci-Ecoliers-de-Genis.jpg 1920w\" sizes=\"auto, (max-width: 1024px) 100vw, 1024px\" \/><\/figure>\n","protected":false},"excerpt":{"rendered":"<p>Le conseil coll\u00e9gial&nbsp;est un organe de gouvernance compos\u00e9 de plusieurs membres qui exercent des responsabilit\u00e9s de mani\u00e8re \u00e9gale et collective, sans hi\u00e9rarchie formelle, favorisant un partage \u00e9quitable du pouvoir d\u00e9cisionnel. Sont membres du conseil coll\u00e9gial&nbsp;: Les b\u00e9n\u00e9voles L\u2019\u00e9quipe de b\u00e9n\u00e9voles de l\u2019association met r\u00e9guli\u00e8rement la main \u00e0 la p\u00e2te&nbsp;(au propre comme au figur\u00e9) pour trouver [&hellip;]<\/p>\n","protected":false},"author":1,"featured_media":155,"parent":0,"menu_order":0,"comment_status":"closed","ping_status":"closed","template":"","meta":{"footnotes":""},"class_list":["post-153","page","type-page","status-publish","has-post-thumbnail","hentry"],"_links":{"self":[{"href":"https:\/\/lapucealoreille24.fr\/index.php\/wp-json\/wp\/v2\/pages\/153","targetHints":{"allow":["GET"]}}],"collection":[{"href":"https:\/\/lapucealoreille24.fr\/index.php\/wp-json\/wp\/v2\/pages"}],"about":[{"href":"https:\/\/lapucealoreille24.fr\/index.php\/wp-json\/wp\/v2\/types\/page"}],"author":[{"embeddable":true,"href":"https:\/\/lapucealoreille24.fr\/index.php\/wp-json\/wp\/v2\/users\/1"}],"replies":[{"embeddable":true,"href":"https:\/\/lapucealoreille24.fr\/index.php\/wp-json\/wp\/v2\/comments?post=153"}],"version-history":[{"count":6,"href":"https:\/\/lapucealoreille24.fr\/index.php\/wp-json\/wp\/v2\/pages\/153\/revisions"}],"predecessor-version":[{"id":656,"href":"https:\/\/lapucealoreille24.fr\/index.php\/wp-json\/wp\/v2\/pages\/153\/revisions\/656"}],"wp:featuredmedia":[{"embeddable":true,"href":"https:\/\/lapucealoreille24.fr\/index.php\/wp-json\/wp\/v2\/media\/155"}],"wp:attachment":[{"href":"https:\/\/lapucealoreille24.fr\/index.php\/wp-json\/wp\/v2\/media?parent=153"}],"curies":[{"name":"wp","href":"https:\/\/api.w.org\/{rel}","templated":true}]}}