{"id":581,"date":"2025-12-12T15:04:26","date_gmt":"2025-12-12T14:04:26","guid":{"rendered":"https:\/\/lapucealoreille24.fr\/?page_id=581"},"modified":"2026-04-09T13:04:55","modified_gmt":"2026-04-09T11:04:55","slug":"mecenat","status":"publish","type":"page","link":"https:\/\/lapucealoreille24.fr\/index.php\/mecenat\/","title":{"rendered":"M\u00e9c\u00e9nat"},"content":{"rendered":"\n<p data-wp-context---core-fit-text=\"core\/fit-text::{&quot;fontSize&quot;:&quot;&quot;}\" data-wp-init---core-fit-text=\"core\/fit-text::callbacks.init\" data-wp-interactive data-wp-style--font-size=\"core\/fit-text::context.fontSize\" class=\"has-fit-text\">Une \u00e9cole rurale \u00e0 port\u00e9es musicales<\/p>\n\n\n\n<figure class=\"wp-block-image size-large is-style-rounded is-style-rounded--1\"><img loading=\"lazy\" decoding=\"async\" width=\"1024\" height=\"472\" src=\"https:\/\/lapucealoreille24.fr\/wp-content\/uploads\/2026\/02\/300783351_569562721631651_4438995638201631301_n-1024x472.jpg\" alt=\"\" class=\"wp-image-615\" srcset=\"https:\/\/lapucealoreille24.fr\/wp-content\/uploads\/2026\/02\/300783351_569562721631651_4438995638201631301_n-1024x472.jpg 1024w, https:\/\/lapucealoreille24.fr\/wp-content\/uploads\/2026\/02\/300783351_569562721631651_4438995638201631301_n-300x138.jpg 300w, https:\/\/lapucealoreille24.fr\/wp-content\/uploads\/2026\/02\/300783351_569562721631651_4438995638201631301_n-768x354.jpg 768w, https:\/\/lapucealoreille24.fr\/wp-content\/uploads\/2026\/02\/300783351_569562721631651_4438995638201631301_n-1536x708.jpg 1536w, https:\/\/lapucealoreille24.fr\/wp-content\/uploads\/2026\/02\/300783351_569562721631651_4438995638201631301_n.jpg 1600w\" sizes=\"auto, (max-width: 1024px) 100vw, 1024px\" \/><\/figure>\n\n\n\n<h2 class=\"wp-block-heading\">Contexte<\/h2>\n\n\n\n<p>Notre secteur d\u2019intervention est un territoire rural \u00e9tendu, \u00e0 faible densit\u00e9 de population. Cette zone est dite de revitalisation rurale (France Ruralit\u00e9 Revitalisation &#8211; FRR).<\/p>\n\n\n\n<p>La population est vieillissante et les plus jeunes (jeunes enfants et ados) sont peu visibles, et plus orient\u00e9s vers les pratiques sportives implant\u00e9es depuis tr\u00e8s longtemps sur le territoire. Sur notre territoire de 28 communes, comptant 13 660 habitants, le revenu moyen annuel est de 20 400\u20ac. On compte deux coll\u00e8ges, un lyc\u00e9e et un lyc\u00e9e technique accueillants des jeunes, souvent internes. Les propositions extra-scolaires sont principalement orient\u00e9es vers le sport.<\/p>\n\n\n\n<p>Une antenne du conservatoire \u00e0 rayonnement d\u00e9partemental est install\u00e9e \u00e0 Excideuil (vivier de commer\u00e7ants) offrant des propositions musicales restreintes sur cette commune. Nous constatons \u00e9galement l\u2019installation de quelques musiciens professeurs ind\u00e9pendants dont l\u2019activit\u00e9 est tr\u00e8s mince et souvent secondaire.<\/p>\n\n\n\n<p><strong>MOBILITE ET TRANSPORT<\/strong><\/p>\n\n\n\n<p>Du fait de notre territoire rural, nous constatons une probl\u00e9matique de mobilit\u00e9 due au manque d\u2019offre de transports collectifs et l\u2019\u00e9loignement g\u00e9ographique entre le domicile et le lieu de travail ou de scolarit\u00e9 de la population.<\/p>\n\n\n\n<p>Pour aller au-devant de la population et limiter les d\u00e9placements, l\u2019association a mis en place plusieurs lieux de cours dans des petites communes en investissant d\u2019anciennes salles de classe qui n\u2019\u00e9taient plus utilis\u00e9es, des m\u00e9diath\u00e8ques mises \u00e0 disposition de la communaut\u00e9 de communes ou encore des salles d\u00e9di\u00e9es aux structures associatives.<\/p>\n\n\n\n<p>Nous constatons l\u2019int\u00e9r\u00eat de nouveaux \u00e9l\u00e8ves plut\u00f4t \u00e2g\u00e9s et assez \u00e9loign\u00e9s de la musique, qui recherchent avant tout un lien social plus que le d\u00e9veloppement de comp\u00e9tences musicales.<\/p>\n\n\n\n<p>La proximit\u00e9 g\u00e9ographique des cours en journ\u00e9e a permis de toucher des personnes qui ont retrouv\u00e9 une motivation pour sortir de chez elles, se retrouver en groupe autour de la musique et bien sur partager des moments conviviaux.<\/p>\n\n\n\n<p>Dans plusieurs communes, du covoiturage s\u2019est mis naturellement en place, ce que nous essayons de favoriser au maximum.<\/p>\n\n\n\n<h2 class=\"wp-block-heading\">Nos propositions<\/h2>\n\n\n\n<p><strong>Avec des propositions concr\u00e8tes autour de la musique nous souhaitons r\u00e9pondre \u00e0 un besoin de lien social r\u00e9el, participer au bien-\u00eatre des b\u00e9n\u00e9ficiaires et soutenir l\u2019attractivit\u00e9 du territoire.<\/strong><\/p>\n\n\n\n<p><strong>Propositions de cours individuels, <\/strong>vari\u00e9s et adapt\u00e9s en fonction des envies, des attentes et des orientations musicales des adh\u00e9rents.<\/p>\n\n\n\n<p><strong>Propositions de stages et d\u2019ateliers<\/strong>, de fa\u00e7on r\u00e9guli\u00e8re dans l\u2019ann\u00e9e pour instaurer un rendez-vous. Cela permet de cr\u00e9er du lien, mais \u00e9galement de maintenir une offre d\u2019emploi \u00e0 des intervenants musicaux dans un secteur FRR tout en participant \u00e0 l\u2019attractivit\u00e9 du territoire. En effet, \u00e0 la suite de la p\u00e9riode COVID nous constatons r\u00e9guli\u00e8rement l\u2019arriv\u00e9e de nouvelles familles.<\/p>\n\n\n\n<h2 class=\"wp-block-heading\">LA MUSIQUE A TOUT \u00c2GE !<\/h2>\n\n\n\n<p><strong>Chez l\u2019enfant<\/strong>, la musique l\u2019amuse, le calme, mais aussi l&rsquo;encourage. \u00c9veiller un enfant \u00e0 la musique permet de stimuler son cerveau et d\u2019am\u00e9liorer le d\u00e9veloppement de certaines de ses fonctions cognitives (d\u00e9veloppement de l&rsquo;\u00e9coute, de la discipline et de la rigueur avec des retomb\u00e9es positives sur les r\u00e9sultats scolaires pour les jeunes).<\/p>\n\n\n\n<p><strong>Chez l\u2019adulte<\/strong>, la pratique d\u2019un instrument de musique impacte tout autant son cerveau. Gr\u00e2ce \u00e0 notre connexion \u00e9motionnelle \u00e0 la musique que nous jouons, notre cerveau est dop\u00e9 d\u2019une nouvelle mani\u00e8re.<\/p>\n\n\n\n<p><strong>Chez le senior<\/strong>, la musique est tout autant tonifiante ! C&rsquo;est un v\u00e9ritable outils de pr\u00e9vention. Sa pratique permet de r\u00e9activer certaines zones du cerveau et ainsi certaines capacit\u00e9s qui s\u2019amenuisent avec le temps, comme la m\u00e9moire, la concentration, ou encore la coordination sont sollicit\u00e9es. La notion de plaisir est aussi tr\u00e8s importante.<\/p>\n\n\n\n<blockquote class=\"wp-block-quote is-layout-flow wp-block-quote-is-layout-flow\">\n<p>Votre soutien permettra \u00e0 la puce \u00e0 l\u2019oreille de maintenir ses offres et cr\u00e9er de nouveaux projets musicaux !<\/p>\n<\/blockquote>\n\n\n\n<blockquote class=\"wp-block-quote is-style-plain is-layout-flow wp-block-quote-is-layout-flow is-style-plain--2\">\n<p data-wp-context---core-fit-text=\"core\/fit-text::{&quot;fontSize&quot;:&quot;&quot;}\" data-wp-init---core-fit-text=\"core\/fit-text::callbacks.init\" data-wp-interactive data-wp-style--font-size=\"core\/fit-text::context.fontSize\" class=\"has-fit-text\">La Puce \u00e0 l&rsquo;Oreille d\u00e9livre des re\u00e7us fiscaux !<\/p>\n<\/blockquote>\n\n\n\n<h2 class=\"wp-block-heading\">Le m\u00e9c\u00e9nat : un engagement en faveur de la pratique musicale en milieu rural !<\/h2>\n\n\n\n<div class=\"wp-block-buttons is-content-justification-center is-layout-flex wp-container-core-buttons-is-layout-a89b3969 wp-block-buttons-is-layout-flex\">\n<div class=\"wp-block-button\"><a class=\"wp-block-button__link wp-element-button\" href=\"https:\/\/www.helloasso.com\/associations\/la-puce-a-l-oreille\/formulaires\/5\">Donnez sur HelloAsso<\/a><\/div>\n<\/div>\n\n\n\n<blockquote class=\"wp-block-quote has-text-align-center is-layout-flow wp-block-quote-is-layout-flow\">\n<p>Devenez m\u00e9c\u00e8ne !<\/p>\n\n\n\n<p>Faites un don \u00e0 La Puce \u00e0 l&rsquo;Oreille pour r\u00e9duire vos imp\u00f4ts et soutenir nos projet !<\/p>\n<\/blockquote>\n\n\n\n<div class=\"wp-block-group alignfull has-global-padding is-layout-constrained wp-container-core-group-is-layout-d89aad35 wp-block-group-is-layout-constrained\" style=\"margin-top:0;margin-bottom:0;padding-top:var(--wp--preset--spacing--50);padding-right:var(--wp--preset--spacing--50);padding-bottom:var(--wp--preset--spacing--50);padding-left:var(--wp--preset--spacing--50)\">\n<figure class=\"wp-block-image aligncenter size-large is-style-rounded is-style-rounded--3\"><a href=\"https:\/\/www.helloasso.com\/associations\/la-puce-a-l-oreille\/formulaires\/5\"><img loading=\"lazy\" decoding=\"async\" width=\"1024\" height=\"766\" src=\"https:\/\/lapucealoreille24.fr\/wp-content\/uploads\/2025\/12\/instruments-puce-1024x766.jpg\" alt=\"\" class=\"wp-image-584\" srcset=\"https:\/\/lapucealoreille24.fr\/wp-content\/uploads\/2025\/12\/instruments-puce-1024x766.jpg 1024w, https:\/\/lapucealoreille24.fr\/wp-content\/uploads\/2025\/12\/instruments-puce-300x224.jpg 300w, https:\/\/lapucealoreille24.fr\/wp-content\/uploads\/2025\/12\/instruments-puce-768x575.jpg 768w, https:\/\/lapucealoreille24.fr\/wp-content\/uploads\/2025\/12\/instruments-puce.jpg 1160w\" sizes=\"auto, (max-width: 1024px) 100vw, 1024px\" \/><\/a><\/figure>\n\n\n\n<div class=\"wp-block-group alignwide has-global-padding is-layout-constrained wp-container-core-group-is-layout-19e250f3 wp-block-group-is-layout-constrained\">\n<div class=\"wp-block-group is-vertical is-content-justification-center is-layout-flex wp-container-core-group-is-layout-6329a8f3 wp-block-group-is-layout-flex\">\n<h2 class=\"wp-block-heading has-text-align-center\">Ils nous soutiennent d\u00e9j\u00e0 :<\/h2>\n\n\n\n<p><\/p>\n\n\n\n<figure class=\"wp-block-image size-full\"><img loading=\"lazy\" decoding=\"async\" width=\"198\" height=\"82\" src=\"https:\/\/lapucealoreille24.fr\/wp-content\/uploads\/2025\/10\/logo-cruette-office.png\" alt=\"\" class=\"wp-image-476\"\/><\/figure>\n<\/div>\n<\/div>\n\n\n\n<figure class=\"wp-block-image aligncenter size-full\"><img loading=\"lazy\" decoding=\"async\" width=\"326\" height=\"131\" src=\"https:\/\/lapucealoreille24.fr\/wp-content\/uploads\/2025\/10\/sri-informatique.png\" alt=\"\" class=\"wp-image-474\" srcset=\"https:\/\/lapucealoreille24.fr\/wp-content\/uploads\/2025\/10\/sri-informatique.png 326w, https:\/\/lapucealoreille24.fr\/wp-content\/uploads\/2025\/10\/sri-informatique-300x121.png 300w\" sizes=\"auto, (max-width: 326px) 100vw, 326px\" \/><\/figure>\n\n\n\n<figure class=\"wp-block-image aligncenter size-full is-resized\"><img loading=\"lazy\" decoding=\"async\" width=\"932\" height=\"407\" src=\"https:\/\/lapucealoreille24.fr\/wp-content\/uploads\/2026\/04\/logo-on-air.png\" alt=\"\" class=\"wp-image-658\" style=\"aspect-ratio:2.2900442012207956;width:284px;height:auto\" srcset=\"https:\/\/lapucealoreille24.fr\/wp-content\/uploads\/2026\/04\/logo-on-air.png 932w, https:\/\/lapucealoreille24.fr\/wp-content\/uploads\/2026\/04\/logo-on-air-300x131.png 300w, https:\/\/lapucealoreille24.fr\/wp-content\/uploads\/2026\/04\/logo-on-air-768x335.png 768w\" sizes=\"auto, (max-width: 932px) 100vw, 932px\" \/><\/figure>\n\n\n\n<figure class=\"wp-block-image aligncenter size-full\"><img loading=\"lazy\" decoding=\"async\" width=\"231\" height=\"117\" src=\"https:\/\/lapucealoreille24.fr\/wp-content\/uploads\/2026\/04\/logo-rebeyrol.png\" alt=\"\" class=\"wp-image-659\"\/><\/figure>\n<\/div>\n\n\n\n<div class=\"wp-block-group alignfull has-base-color has-contrast-background-color has-text-color has-background has-global-padding is-layout-constrained wp-container-core-group-is-layout-ef3d885c wp-block-group-is-layout-constrained\" style=\"margin-top:0;margin-bottom:0;padding-top:var(--wp--preset--spacing--60);padding-right:var(--wp--preset--spacing--60);padding-bottom:var(--wp--preset--spacing--60);padding-left:var(--wp--preset--spacing--60)\">\n<div class=\"wp-block-group has-global-padding is-layout-constrained wp-block-group-is-layout-constrained\">\n<h2 class=\"wp-block-heading has-text-align-center has-base-color has-text-color has-x-large-font-size\"><em><strong>MERCI !<\/strong><\/em><\/h2>\n\n\n\n<figure class=\"wp-block-image aligncenter size-full is-style-rounded is-style-rounded--4\"><img loading=\"lazy\" decoding=\"async\" width=\"190\" height=\"190\" src=\"https:\/\/lapucealoreille24.fr\/wp-content\/uploads\/2024\/09\/flyer_rond_recto_verso_lpao_2022-1c8de.png\" alt=\"\" class=\"wp-image-21\" srcset=\"https:\/\/lapucealoreille24.fr\/wp-content\/uploads\/2024\/09\/flyer_rond_recto_verso_lpao_2022-1c8de.png 190w, https:\/\/lapucealoreille24.fr\/wp-content\/uploads\/2024\/09\/flyer_rond_recto_verso_lpao_2022-1c8de-150x150.png 150w\" sizes=\"auto, (max-width: 190px) 100vw, 190px\" \/><\/figure>\n<\/div>\n<\/div>\n","protected":false},"excerpt":{"rendered":"<p>Une \u00e9cole rurale \u00e0 port\u00e9es musicales Contexte Notre secteur d\u2019intervention est un territoire rural \u00e9tendu, \u00e0 faible densit\u00e9 de population. Cette zone est dite de revitalisation rurale (France Ruralit\u00e9 Revitalisation &#8211; FRR). La population est vieillissante et les plus jeunes (jeunes enfants et ados) sont peu visibles, et plus orient\u00e9s vers les pratiques sportives implant\u00e9es [&hellip;]<\/p>\n","protected":false},"author":1,"featured_media":0,"parent":0,"menu_order":0,"comment_status":"closed","ping_status":"closed","template":"","meta":{"footnotes":""},"class_list":["post-581","page","type-page","status-publish","hentry"],"_links":{"self":[{"href":"https:\/\/lapucealoreille24.fr\/index.php\/wp-json\/wp\/v2\/pages\/581","targetHints":{"allow":["GET"]}}],"collection":[{"href":"https:\/\/lapucealoreille24.fr\/index.php\/wp-json\/wp\/v2\/pages"}],"about":[{"href":"https:\/\/lapucealoreille24.fr\/index.php\/wp-json\/wp\/v2\/types\/page"}],"author":[{"embeddable":true,"href":"https:\/\/lapucealoreille24.fr\/index.php\/wp-json\/wp\/v2\/users\/1"}],"replies":[{"embeddable":true,"href":"https:\/\/lapucealoreille24.fr\/index.php\/wp-json\/wp\/v2\/comments?post=581"}],"version-history":[{"count":10,"href":"https:\/\/lapucealoreille24.fr\/index.php\/wp-json\/wp\/v2\/pages\/581\/revisions"}],"predecessor-version":[{"id":667,"href":"https:\/\/lapucealoreille24.fr\/index.php\/wp-json\/wp\/v2\/pages\/581\/revisions\/667"}],"wp:attachment":[{"href":"https:\/\/lapucealoreille24.fr\/index.php\/wp-json\/wp\/v2\/media?parent=581"}],"curies":[{"name":"wp","href":"https:\/\/api.w.org\/{rel}","templated":true}]}}